{"id":2254,"date":"2025-03-30T09:33:43","date_gmt":"2025-03-30T09:33:43","guid":{"rendered":"https:\/\/mtm.madrid\/mtmupdater\/informacion\/"},"modified":"2025-09-11T07:05:39","modified_gmt":"2025-09-11T07:05:39","slug":"informacion","status":"publish","type":"page","link":"https:\/\/mtm.madrid\/es\/informacion\/","title":{"rendered":"Informaci\u00f3n"},"content":{"rendered":"\t\t<div data-elementor-type=\"wp-page\" data-elementor-id=\"2254\" class=\"elementor elementor-2254 elementor-153\">\n\t\t\t\t<div class=\"elementor-element elementor-element-400bb7a e-flex e-con-boxed e-con e-parent\" data-id=\"400bb7a\" data-element_type=\"container\" data-settings=\"{&quot;jet_parallax_layout_list&quot;:[],&quot;background_background&quot;:&quot;gradient&quot;}\">\n\t\t\t\t\t<div class=\"e-con-inner\">\n\t\t\t\t<div class=\"elementor-element elementor-element-d632161 elementor-widget elementor-widget-spacer\" data-id=\"d632161\" data-element_type=\"widget\" data-widget_type=\"spacer.default\">\n\t\t\t\t<div class=\"elementor-widget-container\">\n\t\t\t\t\t\t\t<div class=\"elementor-spacer\">\n\t\t\t<div class=\"elementor-spacer-inner\"><\/div>\n\t\t<\/div>\n\t\t\t\t\t\t<\/div>\n\t\t\t\t<\/div>\n\t\t\t\t<div class=\"elementor-element elementor-element-2653bb9 elementor-widget elementor-widget-heading\" data-id=\"2653bb9\" data-element_type=\"widget\" data-widget_type=\"heading.default\">\n\t\t\t\t<div class=\"elementor-widget-container\">\n\t\t\t\t\t<h2 class=\"elementor-heading-title elementor-size-default\">INFORMACI\u00d3N<\/h2>\t\t\t\t<\/div>\n\t\t\t\t<\/div>\n\t\t\t\t<div class=\"elementor-element elementor-element-63ebf7a elementor-widget elementor-widget-text-editor\" data-id=\"63ebf7a\" data-element_type=\"widget\" data-widget_type=\"text-editor.default\">\n\t\t\t\t<div class=\"elementor-widget-container\">\n\t\t\t\t\t\t\t\t\t<p>Manufacturas Tipogr\u00e1ficas Madrile\u00f1as es una fundici\u00f3n creada por Juanjo L\u00f3pez dedicada al dise\u00f1o de tipos de letra originales, tanto para venta como a medida. Profundamente influenciada por el impacto de las letras en nuestra cultura visual, nuestros dise\u00f1os abarcan desde experimentos divertidos hasta revivals de tipos de texto del siglo XVI.<br>En el dise\u00f1o de tipos de letra y logotipos por encargo, el conocimiento de la historia de las letras desde un punto de vista t\u00e9cnico, est\u00e9tico y cultural nos permite encontrar la soluci\u00f3n que se ajusta al briefing de nuestro cliente. <\/p>\t\t\t\t\t\t\t\t<\/div>\n\t\t\t\t<\/div>\n\t\t\t\t<div class=\"elementor-element elementor-element-38794ed elementor-widget elementor-widget-heading\" data-id=\"38794ed\" data-element_type=\"widget\" data-widget_type=\"heading.default\">\n\t\t\t\t<div class=\"elementor-widget-container\">\n\t\t\t\t\t<h2 class=\"elementor-heading-title elementor-size-default\"><a href=\"#About\">Acerca de<\/a><\/h2>\t\t\t\t<\/div>\n\t\t\t\t<\/div>\n\t\t\t\t<div class=\"elementor-element elementor-element-b94451f elementor-widget elementor-widget-heading\" data-id=\"b94451f\" data-element_type=\"widget\" data-widget_type=\"heading.default\">\n\t\t\t\t<div class=\"elementor-widget-container\">\n\t\t\t\t\t<h2 class=\"elementor-heading-title elementor-size-default\"><a href=\"#Contact\">Contacto<\/a><\/h2>\t\t\t\t<\/div>\n\t\t\t\t<\/div>\n\t\t\t\t<div class=\"elementor-element elementor-element-5ed04ee elementor-widget elementor-widget-heading\" data-id=\"5ed04ee\" data-element_type=\"widget\" data-widget_type=\"heading.default\">\n\t\t\t\t<div class=\"elementor-widget-container\">\n\t\t\t\t\t<h2 class=\"elementor-heading-title elementor-size-default\"><a href=\"#Madriles\">Proyecto Madriles<\/a><\/h2>\t\t\t\t<\/div>\n\t\t\t\t<\/div>\n\t\t\t\t<div class=\"elementor-element elementor-element-0d59367 elementor-widget elementor-widget-heading\" data-id=\"0d59367\" data-element_type=\"widget\" data-widget_type=\"heading.default\">\n\t\t\t\t<div class=\"elementor-widget-container\">\n\t\t\t\t\t<h2 class=\"elementor-heading-title elementor-size-default\"><a href=\"#NicePeople\">Buena Gente<\/a><\/h2>\t\t\t\t<\/div>\n\t\t\t\t<\/div>\n\t\t<div class=\"elementor-element elementor-element-0d2f700 e-con-full e-flex e-con e-child\" data-id=\"0d2f700\" data-element_type=\"container\" data-settings=\"{&quot;jet_parallax_layout_list&quot;:[]}\">\n\t\t\t\t<\/div>\n\t\t\t\t<div class=\"elementor-element elementor-element-1bb178c elementor-widget elementor-widget-text-editor\" data-id=\"1bb178c\" data-element_type=\"widget\" data-widget_type=\"text-editor.default\">\n\t\t\t\t<div class=\"elementor-widget-container\">\n\t\t\t\t\t\t\t\t\t<p>F\u00e1brica de MTM junto al r\u00edo Manzanares.<\/p>\t\t\t\t\t\t\t\t<\/div>\n\t\t\t\t<\/div>\n\t\t\t\t\t<\/div>\n\t\t\t\t<\/div>\n\t\t<div class=\"elementor-element elementor-element-89e63ec e-con-full e-flex e-con e-parent\" data-id=\"89e63ec\" data-element_type=\"container\" data-settings=\"{&quot;jet_parallax_layout_list&quot;:[],&quot;background_background&quot;:&quot;gradient&quot;}\">\n\t\t\t\t<div class=\"elementor-element elementor-element-d92dc28 elementor-widget-divider--view-line elementor-widget elementor-widget-divider\" data-id=\"d92dc28\" data-element_type=\"widget\" data-widget_type=\"divider.default\">\n\t\t\t\t<div class=\"elementor-widget-container\">\n\t\t\t\t\t\t\t<div class=\"elementor-divider\">\n\t\t\t<span class=\"elementor-divider-separator\">\n\t\t\t\t\t\t<\/span>\n\t\t<\/div>\n\t\t\t\t\t\t<\/div>\n\t\t\t\t<\/div>\n\t\t\t\t<\/div>\n\t\t<div class=\"elementor-element elementor-element-2d56996 e-flex e-con-boxed e-con e-parent\" data-id=\"2d56996\" data-element_type=\"container\" data-settings=\"{&quot;jet_parallax_layout_list&quot;:[],&quot;background_background&quot;:&quot;gradient&quot;}\">\n\t\t\t\t\t<div class=\"e-con-inner\">\n\t\t\t\t<div class=\"elementor-element elementor-element-c339ec4 elementor-widget elementor-widget-menu-anchor\" data-id=\"c339ec4\" data-element_type=\"widget\" data-widget_type=\"menu-anchor.default\">\n\t\t\t\t<div class=\"elementor-widget-container\">\n\t\t\t\t\t\t\t<div class=\"elementor-menu-anchor\" id=\"About\"><\/div>\n\t\t\t\t\t\t<\/div>\n\t\t\t\t<\/div>\n\t\t\t\t<div class=\"elementor-element elementor-element-7aea62e elementor-widget elementor-widget-image\" data-id=\"7aea62e\" data-element_type=\"widget\" data-widget_type=\"image.default\">\n\t\t\t\t<div class=\"elementor-widget-container\">\n\t\t\t\t\t\t\t\t\t\t\t\t\t\t\t<img fetchpriority=\"high\" decoding=\"async\" width=\"513\" height=\"513\" src=\"https:\/\/mtm.madrid\/wp-content\/uploads\/2025\/04\/juanjez-icon.png\" class=\"attachment-large size-large wp-image-1979\" alt=\"\" \/>\t\t\t\t\t\t\t\t\t\t\t\t\t\t\t<\/div>\n\t\t\t\t<\/div>\n\t\t\t\t<div class=\"elementor-element elementor-element-3a824b5 elementor-widget elementor-widget-heading\" data-id=\"3a824b5\" data-element_type=\"widget\" data-widget_type=\"heading.default\">\n\t\t\t\t<div class=\"elementor-widget-container\">\n\t\t\t\t\t<h2 class=\"elementor-heading-title elementor-size-default\">ACERCA DE<\/h2>\t\t\t\t<\/div>\n\t\t\t\t<\/div>\n\t\t\t\t<div class=\"elementor-element elementor-element-93b7223 elementor-widget elementor-widget-text-editor\" data-id=\"93b7223\" data-element_type=\"widget\" data-widget_type=\"text-editor.default\">\n\t\t\t\t<div class=\"elementor-widget-container\">\n\t\t\t\t\t\t\t\t\t<p>Como dise\u00f1ador gr\u00e1fico y tipogr\u00e1fico, y como impresor artesanal residente en Madrid, siempre he sentido una gran atracci\u00f3n por las viejas letras callejeras. Cada aspecto de la tipograf\u00eda manual, la caligraf\u00eda, el lettering y la impresi\u00f3n tipogr\u00e1fica me fascina. <\/p><p>Como me gustan los proyectos colaborativos sobre letras, formo parte de <em><a href=\"http:\/\/www.familiaplomez.com\/\">Familia Pl\u00f3mez<\/a><\/em>, un colectivo tipogr\u00e1fico pre-digital y taller de impresi\u00f3n tipogr\u00e1fica con sede en Madrid, <a href=\"https:\/\/www.instagram.com\/fetenletters\" target=\"_blank\" rel=\"noopener\"><em>Fetenletters<\/em><\/a>, un grupo dedicado a documentar las letras de las calles de Madrid, as\u00ed como <em><a href=\"http:\/\/unostiposduros.com\/\">Unostiposduros.com<\/a><\/em>, un sitio web y colectivo tipogr\u00e1fico espa\u00f1ol.<\/p><p>He impartido cursos sobre tipograf\u00eda en escuelas como el <a href=\"http:\/\/iedmadrid.com\/\" target=\"_blank\" rel=\"noopener\">IED Madrid<\/a> y la <a href=\"http:\/\/www.mrmarcelschool.com\/\" target=\"_blank\" rel=\"noopener\">MrMarcel School<\/a>. Asimismo, he ense\u00f1ado dise\u00f1o, impartido clases y dirigido talleres sobre tipograf\u00eda, lettering e impresi\u00f3n tipogr\u00e1fica a nivel nacional. <\/p><p>Pod\u00e9is echar un vistazo a mi <a href=\"https:\/\/www.instagram.com\/juanjezlopez\/\" target=\"_blank\" rel=\"noopener\">cuenta de Instagram<\/a>, dedicada principalmente a los r\u00f3tulos de las calles y algo de mi trabajo diario.<\/p>\t\t\t\t\t\t\t\t<\/div>\n\t\t\t\t<\/div>\n\t\t\t\t\t<\/div>\n\t\t\t\t<\/div>\n\t\t<div class=\"elementor-element elementor-element-c20e347 e-con-full e-flex e-con e-parent\" data-id=\"c20e347\" data-element_type=\"container\" data-settings=\"{&quot;jet_parallax_layout_list&quot;:[],&quot;background_background&quot;:&quot;gradient&quot;}\">\n\t\t\t\t<div class=\"elementor-element elementor-element-29fce26 elementor-widget-divider--view-line elementor-widget elementor-widget-divider\" data-id=\"29fce26\" data-element_type=\"widget\" data-widget_type=\"divider.default\">\n\t\t\t\t<div class=\"elementor-widget-container\">\n\t\t\t\t\t\t\t<div class=\"elementor-divider\">\n\t\t\t<span class=\"elementor-divider-separator\">\n\t\t\t\t\t\t<\/span>\n\t\t<\/div>\n\t\t\t\t\t\t<\/div>\n\t\t\t\t<\/div>\n\t\t\t\t<\/div>\n\t\t<div class=\"elementor-element elementor-element-54304b0 e-flex e-con-boxed e-con e-parent\" data-id=\"54304b0\" data-element_type=\"container\" data-settings=\"{&quot;jet_parallax_layout_list&quot;:[],&quot;background_background&quot;:&quot;gradient&quot;}\">\n\t\t\t\t\t<div class=\"e-con-inner\">\n\t\t\t\t<div class=\"elementor-element elementor-element-92db962 elementor-widget elementor-widget-menu-anchor\" data-id=\"92db962\" data-element_type=\"widget\" data-widget_type=\"menu-anchor.default\">\n\t\t\t\t<div class=\"elementor-widget-container\">\n\t\t\t\t\t\t\t<div class=\"elementor-menu-anchor\" id=\"Contact\"><\/div>\n\t\t\t\t\t\t<\/div>\n\t\t\t\t<\/div>\n\t\t\t\t<div class=\"elementor-element elementor-element-c059afa elementor-widget elementor-widget-heading\" data-id=\"c059afa\" data-element_type=\"widget\" data-widget_type=\"heading.default\">\n\t\t\t\t<div class=\"elementor-widget-container\">\n\t\t\t\t\t<h2 class=\"elementor-heading-title elementor-size-default\">Contacto<\/h2>\t\t\t\t<\/div>\n\t\t\t\t<\/div>\n\t\t\t\t<div class=\"elementor-element elementor-element-65fed40 elementor-widget elementor-widget-text-editor\" data-id=\"65fed40\" data-element_type=\"widget\" data-widget_type=\"text-editor.default\">\n\t\t\t\t<div class=\"elementor-widget-container\">\n\t\t\t\t\t\t\t\t\t<p>Para mantenerse informado de nuestras novedades, suscr\u00edbase a nuestro bolet\u00edn informativo en la parte inferior de esta p\u00e1gina. Le prometemos no ser muy pesados. <\/p><p>Adem\u00e1s, tambi\u00e9n puede seguir nuestra cuenta de <a href=\"https:\/\/www.instagram.com\/manufacturastipograficas\/\" target=\"_blank\" rel=\"noopener\">Instagram<\/a> para estar al tanto de las \u00faltimas noticias sobre MTM.<\/p><p>Para cualquier pregunta, sugerencia, elogio o felicitaci\u00f3n, le rogamos nos escriba un correo electr\u00f3nico a: <a href=\"mailto:gerencia@mtm.madrid\">gerencia@mtm.madrid.<\/a><\/p><p>Tambi\u00e9n puede enviar cosas a:<\/p><p><strong>Juanjo L\u00f3pez<\/strong><br>Amparo, 25. Esc 3. 2\u00ba<br>28012 Madrid (Espa\u00f1a)  <\/p><p>O llamarme al +34 616 399 617<\/p><p>Vendr\u00e1 por nuestros excelentes tipos de letra, nos adorar\u00e1 por nuestro servicio t\u00e9cnico.<\/p>\t\t\t\t\t\t\t\t<\/div>\n\t\t\t\t<\/div>\n\t\t<div class=\"elementor-element elementor-element-5459f01 e-con-full e-flex e-con e-child\" data-id=\"5459f01\" data-element_type=\"container\" data-settings=\"{&quot;jet_parallax_layout_list&quot;:[]}\">\n\t\t\t\t<\/div>\n\t\t\t\t<div class=\"elementor-element elementor-element-394ed44 elementor-widget elementor-widget-text-editor\" data-id=\"394ed44\" data-element_type=\"widget\" data-widget_type=\"text-editor.default\">\n\t\t\t\t<div class=\"elementor-widget-container\">\n\t\t\t\t\t\t\t\t\t<p>Operarios de MTM en la Sala de Serifas.<\/p>\t\t\t\t\t\t\t\t<\/div>\n\t\t\t\t<\/div>\n\t\t\t\t\t<\/div>\n\t\t\t\t<\/div>\n\t\t<div class=\"elementor-element elementor-element-0e02007 e-con-full e-flex e-con e-parent\" data-id=\"0e02007\" data-element_type=\"container\" data-settings=\"{&quot;jet_parallax_layout_list&quot;:[],&quot;background_background&quot;:&quot;gradient&quot;}\">\n\t\t\t\t<div class=\"elementor-element elementor-element-603960f elementor-widget-divider--view-line elementor-widget elementor-widget-divider\" data-id=\"603960f\" data-element_type=\"widget\" data-widget_type=\"divider.default\">\n\t\t\t\t<div class=\"elementor-widget-container\">\n\t\t\t\t\t\t\t<div class=\"elementor-divider\">\n\t\t\t<span class=\"elementor-divider-separator\">\n\t\t\t\t\t\t<\/span>\n\t\t<\/div>\n\t\t\t\t\t\t<\/div>\n\t\t\t\t<\/div>\n\t\t\t\t<\/div>\n\t\t<div class=\"elementor-element elementor-element-dcaf1d7 e-flex e-con-boxed e-con e-parent\" data-id=\"dcaf1d7\" data-element_type=\"container\" data-settings=\"{&quot;jet_parallax_layout_list&quot;:[],&quot;background_background&quot;:&quot;gradient&quot;}\">\n\t\t\t\t\t<div class=\"e-con-inner\">\n\t\t\t\t<div class=\"elementor-element elementor-element-3d6dc7c elementor-widget elementor-widget-menu-anchor\" data-id=\"3d6dc7c\" data-element_type=\"widget\" data-widget_type=\"menu-anchor.default\">\n\t\t\t\t<div class=\"elementor-widget-container\">\n\t\t\t\t\t\t\t<div class=\"elementor-menu-anchor\" id=\"Madriles\"><\/div>\n\t\t\t\t\t\t<\/div>\n\t\t\t\t<\/div>\n\t\t\t\t<div class=\"elementor-element elementor-element-a87fdea elementor-widget elementor-widget-heading\" data-id=\"a87fdea\" data-element_type=\"widget\" data-widget_type=\"heading.default\">\n\t\t\t\t<div class=\"elementor-widget-container\">\n\t\t\t\t\t<h2 class=\"elementor-heading-title elementor-size-default\">El Proyecto Madriles<\/h2>\t\t\t\t<\/div>\n\t\t\t\t<\/div>\n\t\t\t\t<div class=\"elementor-element elementor-element-014d9c7 elementor-widget elementor-widget-text-editor\" data-id=\"014d9c7\" data-element_type=\"widget\" data-widget_type=\"text-editor.default\">\n\t\t\t\t<div class=\"elementor-widget-container\">\n\t\t\t\t\t\t\t\t\t<p>Todos los dise\u00f1adores de tipos somos cazadores de referencias. Estamos rodeados de letras, y la portada de una novelucha, un punz\u00f3n de Granjon o una se\u00f1al de tr\u00e1fico vieja nos activan un <em>molar\u00eda&#8230;<\/em> que a veces se olvida y otras se convierte en una tipograf\u00eda que <a href=\"https:\/\/www.juanjez.com\/typefaces\/graveur\/\">puede<\/a> parecerse o <a href=\"https:\/\/www.juanjez.com\/typefaces\/pliego\/\">no<\/a> al original que vimos hace dias o a\u00f1os. <\/p><p>Y a todos nos encantan los r\u00f3tulos, tenemos el tel\u00e9fono llenito de fotos de viejas tiendas que buscamos all\u00e1 donde vamos. Seguimos a docenas de cuentas de Instagram que inventarian hasta el \u00faltimo r\u00f3tulo de la ciudad m\u00e1s perdida. A veces, hasta <a href=\"http:\/\/patrimoniografico.org\/\">se organizan<\/a> para que no desaparezcan en un vertedero para dejar paso a una mierda de franquicia sin alma.  <\/p><p>Yo soy de Madrid, una ciudad que, como todas, est\u00e1 siendo devorada en tiempo record por la especulaci\u00f3n con el aplauso de su alcalde, que tiene muy claro para qui\u00e9n trabaja (y no es para los madrile\u00f1os). Los vecinos empezamos a sobrar en una ciudad pensada para ganar dinero r\u00e1pido alquil\u00e1ndose por d\u00edas, y los viejos comercios cierran para convertirse en pisos tur\u00edsticos ilegales que florecen como los bares canallitas, las tiendas de vapear, las de CBD y las de gofres con forma de polla. <\/p><p>Y, a\u00fan as\u00ed, mi Madrid resiste. Los habitantes de la Villa conseguimos de alguna manera escondernos de las tropel\u00edas de la Corte y vivir una realidad paralela de comercios de barrio y viejas tabernas donde nos agazapamos mientras no lleguen la jubilaci\u00f3n o un casero codicioso. <\/p><p>De esta mezcla de amor y odio por mi ciudad nacen las <a href=\"https:\/\/mtm.madrid\/\">Manufacturas Tipogr\u00e1ficas Madrile\u00f1as<\/a> (o MTM para abreviar).<\/p><p>Un proyecto inacabable en el que pasar a limpio todos los <em>molar\u00eda<\/em> que he guardado durante a\u00f1os, incluidos algunos de <a href=\"https:\/\/www.alessantos.es\/\">Ales Santos<\/a>, compa\u00f1ero de francachelas y tremendo artista.<\/p><p>Una nueva fundici\u00f3n que juega con letras salidas de las calles de Madrid, en el que contamos algo sobre su historia, el lugar donde se encuentran los originales y donde hemos jugado con la tecnolog\u00eda variable para hacerlas m\u00e1s \u00fatiles, o m\u00e1s in\u00fatiles seg\u00fan se mire.<\/p><p>Dise\u00f1amos tipos de letra que el madrile\u00f1o avezado reconocer\u00e1 y el for\u00e1neo apreciar\u00e1.<\/p><p>En el a\u00f1o 2025 decid\u00ed fusionar todo mi trabajo disperso bajo MTM en este sitio web, de modo que las tipograf\u00eda madrile\u00f1as son ahora el proyecto <a href=\"https:\/\/mtm.madrid\/es\/madriles\/\">Madriles<\/a>. <em>Los Madriles<\/em> es una forma tradicional de referirse a Madrid en plural, puesto que existen numerosos Madriles dentro de Madrid.<\/p><p>Nosotros, quienes habitamos en esta ciudad maltratada, que preferimos el paseo al algoritmo y el tomate al aguacate, continuaremos cuidando a nuestra manera las antiguas letras de esta insufrible ciudad. \u00a1Muera el brunch, viva la Mahou Cl\u00e1sica! <\/p>\t\t\t\t\t\t\t\t<\/div>\n\t\t\t\t<\/div>\n\t\t<div class=\"elementor-element elementor-element-6d1c034 e-con-full e-flex e-con e-child\" data-id=\"6d1c034\" data-element_type=\"container\" data-settings=\"{&quot;jet_parallax_layout_list&quot;:[]}\">\n\t\t\t\t<\/div>\n\t\t\t\t<div class=\"elementor-element elementor-element-e928901 elementor-widget elementor-widget-text-editor\" data-id=\"e928901\" data-element_type=\"widget\" data-widget_type=\"text-editor.default\">\n\t\t\t\t<div class=\"elementor-widget-container\">\n\t\t\t\t\t\t\t\t\t<p>Instalaciones de la fundici\u00f3n MTM en Lavapi\u00e9s<\/p>\t\t\t\t\t\t\t\t<\/div>\n\t\t\t\t<\/div>\n\t\t<div class=\"elementor-element elementor-element-ef19c45 e-con-full e-flex e-con e-child\" data-id=\"ef19c45\" data-element_type=\"container\" data-settings=\"{&quot;jet_parallax_layout_list&quot;:[]}\">\n\t\t\t\t<div class=\"elementor-element elementor-element-c7b86b5 elementor-widget elementor-widget-text-editor\" data-id=\"c7b86b5\" data-element_type=\"widget\" data-widget_type=\"text-editor.default\">\n\t\t\t\t<div class=\"elementor-widget-container\">\n\t\t\t\t\t\t\t\t\t<p>Manufacturas Tipogr\u00e1ficas Madrile\u00f1as es un audaz emprendimiento sin l\u00edmites definidos, abierto a colaboraciones de amplio espectro con amantes del Madrid rotulado.<\/p><p>Actualmente, a los mandos de MTM se encuentra <a href=\"https:\/\/juanjez.com\/\">Juanjo L\u00f3pez<\/a>, con la colaboraci\u00f3n de <a href=\"https:\/\/www.alessantos.es\/\">Ales Santos<\/a> como joven meritorio con (pocas) posibilidades de ascenso.<\/p>\t\t\t\t\t\t\t\t<\/div>\n\t\t\t\t<\/div>\n\t\t\t\t<\/div>\n\t\t\t\t\t<\/div>\n\t\t\t\t<\/div>\n\t\t<div class=\"elementor-element elementor-element-8949b47 e-con-full e-flex e-con e-parent\" data-id=\"8949b47\" data-element_type=\"container\" data-settings=\"{&quot;jet_parallax_layout_list&quot;:[],&quot;background_background&quot;:&quot;gradient&quot;}\">\n\t\t\t\t<div class=\"elementor-element elementor-element-3254d5b elementor-widget-divider--view-line elementor-widget elementor-widget-divider\" data-id=\"3254d5b\" data-element_type=\"widget\" data-widget_type=\"divider.default\">\n\t\t\t\t<div class=\"elementor-widget-container\">\n\t\t\t\t\t\t\t<div class=\"elementor-divider\">\n\t\t\t<span class=\"elementor-divider-separator\">\n\t\t\t\t\t\t<\/span>\n\t\t<\/div>\n\t\t\t\t\t\t<\/div>\n\t\t\t\t<\/div>\n\t\t\t\t<\/div>\n\t\t<div class=\"elementor-element elementor-element-9dba899 e-flex e-con-boxed e-con e-parent\" data-id=\"9dba899\" data-element_type=\"container\" data-settings=\"{&quot;jet_parallax_layout_list&quot;:[],&quot;background_background&quot;:&quot;gradient&quot;}\">\n\t\t\t\t\t<div class=\"e-con-inner\">\n\t\t\t\t<div class=\"elementor-element elementor-element-77d0235 elementor-widget elementor-widget-menu-anchor\" data-id=\"77d0235\" data-element_type=\"widget\" data-widget_type=\"menu-anchor.default\">\n\t\t\t\t<div class=\"elementor-widget-container\">\n\t\t\t\t\t\t\t<div class=\"elementor-menu-anchor\" id=\"NicePeople\"><\/div>\n\t\t\t\t\t\t<\/div>\n\t\t\t\t<\/div>\n\t\t\t\t<div class=\"elementor-element elementor-element-5063d2c elementor-widget elementor-widget-heading\" data-id=\"5063d2c\" data-element_type=\"widget\" data-widget_type=\"heading.default\">\n\t\t\t\t<div class=\"elementor-widget-container\">\n\t\t\t\t\t<h2 class=\"elementor-heading-title elementor-size-default\">BUENA GENTE<\/h2>\t\t\t\t<\/div>\n\t\t\t\t<\/div>\n\t\t\t\t<div class=\"elementor-element elementor-element-07da0f5 elementor-widget elementor-widget-text-editor\" data-id=\"07da0f5\" data-element_type=\"widget\" data-widget_type=\"text-editor.default\">\n\t\t\t\t<div class=\"elementor-widget-container\">\n\t\t\t\t\t\t\t\t\t<p>Al igual que en aquellas secciones de <em>Links<\/em> del querido internet de anta\u00f1o, desde MTM les deseamos una feliz navegaci\u00f3n y recomendamos visitar la siguientes p\u00e1ginas de gran inter\u00e9s para el internauta avezado:<\/p><p>La <a href=\"http:\/\/patrimoniografico.org\/\" target=\"_blank\" rel=\"noopener\">Red Ib\u00e9rica en Defensa del Patrimonio Gr\u00e1fico<\/a>, dedicada a rescatar, custodiar y poner en valor los r\u00f3tulos salv\u00e1ndolos del contenedor.<\/p><p>Los siguientes proyectos tipogr\u00e1ficos basados en las letras callejeras: <a href=\"https:\/\/www.behance.net\/gallery\/25113115\/Granaina-Font-GTS-(Typeface)-Free-Font-(CC))\">Granaina<\/a>, <a href=\"https:\/\/www.silviaferpal.com\/portfolio-1\/ferpalsans\">Ferpal Sans<\/a>, <a href=\"https:\/\/typerepublic.com\/fonts\/salmantina\/\">Salmantina<\/a>, <a href=\"https:\/\/diario.madrid.es\/chulapa\/\">Chulapa<\/a>, <a href=\"http:\/\/(https:\/\/type-o-tones.com\/news\/eixample-collection-from-street-signage-to-typography\" data-wplink-url-error=\"true\">Eixample Collection<\/a>, <a href=\"https:\/\/www.instagram.com\/explore\/search\/keyword\/?q=%23olequetipos\">\u00a1Ol\u00e9! qu\u00e9 tipos<\/a> , and <a href=\"https:\/\/justayrvfina.com\/\">Justa y Rvfina<\/a>.<\/p><p>Y los proyectos en los que est\u00e1 metido <a href=\"https:\/\/www.juanjez.com\/\" target=\"_blank\" rel=\"noopener\">Juanjo L\u00f3pez<\/a>:<\/p><p>La <a href=\"https:\/\/www.familiaplomez.com\/\" target=\"_blank\" rel=\"noopener\">Familia Pl\u00f3mez<\/a>, asociaci\u00f3n dedicada a conservar, usar y difundir la imprenta y la tipograf\u00eda en casi todas sus formas.<\/p><p><a href=\"https:\/\/www.instagram.com\/canyasytipos\/\" target=\"_blank\" rel=\"noopener\">Ca\u00f1as &amp; Tipos<\/a>, eventos tipogr\u00e1fico-festivos en Valencia, Madrid, Palma, Coru\u00f1a y Sevilla.<\/p><p><a href=\"https:\/\/www.instagram.com\/fetenletters\" target=\"_blank\" rel=\"noopener\">Fetenletters<\/a>, un mapeado fotogr\u00e1fico de las letras madrile\u00f1as que acabar\u00e1 alg\u00fan d\u00eda (o no).<\/p>\t\t\t\t\t\t\t\t<\/div>\n\t\t\t\t<\/div>\n\t\t\t\t<div class=\"elementor-element elementor-element-6140900 elementor-widget elementor-widget-spacer\" data-id=\"6140900\" data-element_type=\"widget\" data-widget_type=\"spacer.default\">\n\t\t\t\t<div class=\"elementor-widget-container\">\n\t\t\t\t\t\t\t<div class=\"elementor-spacer\">\n\t\t\t<div class=\"elementor-spacer-inner\"><\/div>\n\t\t<\/div>\n\t\t\t\t\t\t<\/div>\n\t\t\t\t<\/div>\n\t\t\t\t\t<\/div>\n\t\t\t\t<\/div>\n\t\t\t\t<\/div>\n\t\t","protected":false},"excerpt":{"rendered":"<p>INFORMACI\u00d3N Manufacturas Tipogr\u00e1ficas Madrile\u00f1as es una fundici\u00f3n creada por Juanjo L\u00f3pez dedicada al dise\u00f1o de tipos de letra originales, tanto para venta como a medida. Profundamente influenciada por el impacto de las letras en nuestra cultura visual, nuestros dise\u00f1os abarcan desde experimentos divertidos hasta revivals de tipos de texto del siglo XVI.En el dise\u00f1o de [&hellip;]<\/p>\n","protected":false},"author":2,"featured_media":0,"parent":0,"menu_order":0,"comment_status":"closed","ping_status":"closed","template":"","meta":{"footnotes":""},"class_list":["post-2254","page","type-page","status-publish","hentry"],"_links":{"self":[{"href":"https:\/\/mtm.madrid\/es\/wp-json\/wp\/v2\/pages\/2254","targetHints":{"allow":["GET"]}}],"collection":[{"href":"https:\/\/mtm.madrid\/es\/wp-json\/wp\/v2\/pages"}],"about":[{"href":"https:\/\/mtm.madrid\/es\/wp-json\/wp\/v2\/types\/page"}],"author":[{"embeddable":true,"href":"https:\/\/mtm.madrid\/es\/wp-json\/wp\/v2\/users\/2"}],"replies":[{"embeddable":true,"href":"https:\/\/mtm.madrid\/es\/wp-json\/wp\/v2\/comments?post=2254"}],"version-history":[{"count":0,"href":"https:\/\/mtm.madrid\/es\/wp-json\/wp\/v2\/pages\/2254\/revisions"}],"wp:attachment":[{"href":"https:\/\/mtm.madrid\/es\/wp-json\/wp\/v2\/media?parent=2254"}],"curies":[{"name":"wp","href":"https:\/\/api.w.org\/{rel}","templated":true}]}}