{"id":2258,"date":"2025-03-30T09:33:24","date_gmt":"2025-03-30T09:33:24","guid":{"rendered":"https:\/\/mtm.madrid\/mtmupdater\/almacen\/"},"modified":"2025-05-22T07:31:59","modified_gmt":"2025-05-22T07:31:59","slug":"almacen","status":"publish","type":"page","link":"https:\/\/mtm.madrid\/es\/almacen\/","title":{"rendered":"Almac\u00e9n"},"content":{"rendered":"\t\t<div data-elementor-type=\"wp-page\" data-elementor-id=\"2258\" class=\"elementor elementor-2258 elementor-151\">\n\t\t\t\t<div class=\"elementor-element elementor-element-938321f e-flex e-con-boxed e-con e-parent\" data-id=\"938321f\" data-element_type=\"container\" data-settings=\"{&quot;jet_parallax_layout_list&quot;:[],&quot;background_background&quot;:&quot;gradient&quot;}\">\n\t\t\t\t\t<div class=\"e-con-inner\">\n\t\t\t\t<div class=\"elementor-element elementor-element-31cdb46 elementor-widget elementor-widget-spacer\" data-id=\"31cdb46\" data-element_type=\"widget\" data-widget_type=\"spacer.default\">\n\t\t\t\t<div class=\"elementor-widget-container\">\n\t\t\t\t\t\t\t<div class=\"elementor-spacer\">\n\t\t\t<div class=\"elementor-spacer-inner\"><\/div>\n\t\t<\/div>\n\t\t\t\t\t\t<\/div>\n\t\t\t\t<\/div>\n\t\t\t\t<div class=\"elementor-element elementor-element-5f438bd elementor-widget elementor-widget-heading\" data-id=\"5f438bd\" data-element_type=\"widget\" data-widget_type=\"heading.default\">\n\t\t\t\t<div class=\"elementor-widget-container\">\n\t\t\t\t\t<h1 class=\"elementor-heading-title elementor-size-default\">Almac\u00e9n<\/h1>\t\t\t\t<\/div>\n\t\t\t\t<\/div>\n\t\t\t\t<div class=\"elementor-element elementor-element-730fe60 elementor-widget elementor-widget-text-editor\" data-id=\"730fe60\" data-element_type=\"widget\" data-widget_type=\"text-editor.default\">\n\t\t\t\t<div class=\"elementor-widget-container\">\n\t\t\t\t\t\t\t\t\t<p>En esta secci\u00f3n <strong>en construcci\u00f3n<\/strong>, mostraremos parte del material relacionado con nuestro trabajo que hemos recopilado a lo largo de los a\u00f1os: nuestras <a href=\"https:\/\/www.juanjez.com\/in-use\/\" target=\"_blank\" rel=\"noopener\">Fonts in Use<\/a>, <a href=\"https:\/\/www.juanjez.com\/prints\/\" target=\"_blank\" rel=\"noopener\">Espec\u00edmenes Impresos<\/a>, y cualquier otro elemento que no sepamos d\u00f3nde ubicar.<\/p><p>Por ahora, tenemos nuestros:<\/p>\t\t\t\t\t\t\t\t<\/div>\n\t\t\t\t<\/div>\n\t\t\t\t<div class=\"elementor-element elementor-element-81ca4e8 elementor-widget elementor-widget-heading\" data-id=\"81ca4e8\" data-element_type=\"widget\" data-widget_type=\"heading.default\">\n\t\t\t\t<div class=\"elementor-widget-container\">\n\t\t\t\t\t<h2 class=\"elementor-heading-title elementor-size-default\"><a href=\"#Articulos\">ART\u00cdCULOS<\/a><\/h2>\t\t\t\t<\/div>\n\t\t\t\t<\/div>\n\t\t\t\t<div class=\"elementor-element elementor-element-c5edef2 elementor-widget elementor-widget-text-editor\" data-id=\"c5edef2\" data-element_type=\"widget\" data-widget_type=\"text-editor.default\">\n\t\t\t\t<div class=\"elementor-widget-container\">\n\t\t\t\t\t\t\t\t\t<div data-id=\"3af6deb\" data-element_type=\"column\"><div><div><div data-id=\"9743fb4\" data-element_type=\"widget\" data-widget_type=\"text-editor.default\"><div><div data-id=\"3af6deb\" data-element_type=\"column\"><div><div><div data-id=\"9743fb4\" data-element_type=\"widget\" data-widget_type=\"text-editor.default\"><div><div><p>El dise\u00f1o de tipos es un proceso largo, que a veces dura a\u00f1os. Al principio tengo muy claro porque comenc\u00e9 el proyecto, pero esa chispa que lo empez\u00f3 todo a menudo se olvida tras meses de tediosas tareas de refinamiento y producci\u00f3n. <\/p><p>Escribo estos art\u00edculos sobre todo para documentar el porqu\u00e9 de mis proyectos personales, pero tambi\u00e9n para reconciliarme con las tipograf\u00edas una vez que est\u00e1n terminadas.<\/p><\/div><\/div><\/div><\/div><\/div><\/div><\/div><\/div><\/div><\/div><\/div>\t\t\t\t\t\t\t\t<\/div>\n\t\t\t\t<\/div>\n\t\t\t\t<div class=\"elementor-element elementor-element-23b25ff elementor-widget elementor-widget-jet-posts\" data-id=\"23b25ff\" data-element_type=\"widget\" data-settings=\"{&quot;columns&quot;:&quot;2&quot;,&quot;columns_mobile&quot;:&quot;1&quot;,&quot;slides_to_scroll&quot;:&quot;1&quot;}\" data-widget_type=\"jet-posts.default\">\n\t\t\t\t<div class=\"elementor-widget-container\">\n\t\t\t\t\t<div class=\"elementor-jet-posts jet-elements\"><div class=\"jet-posts col-row disable-cols-gap disable-rows-gap jet-equal-cols\"><div class=\"jet-posts__item\">\n\t<div class=\"jet-posts__inner-box\" style=\"background-image: url('https:\/\/mtm.madrid\/wp-content\/uploads\/2025\/05\/matrix_01.jpg'); background-repeat: no-repeat; background-size: cover; background-position: center center;\"><div class=\"jet-posts__inner-content\"><h4 class=\"entry-title\"><a href=\"https:\/\/mtm.madrid\/es\/una-romana-escocesa-schotis-2\/\" target=\"\">Dise\u00f1ando un Revival: Graveur<\/a><\/h4><\/div><\/div>\n<\/div>\n<div class=\"jet-posts__item\">\n\t<div class=\"jet-posts__inner-box\" style=\"background-image: url('https:\/\/mtm.madrid\/wp-content\/uploads\/2025\/05\/Bocetos01.jpg'); background-repeat: no-repeat; background-size: cover; background-position: center center;\"><div class=\"jet-posts__inner-content\"><h4 class=\"entry-title\"><a href=\"https:\/\/mtm.madrid\/es\/pliego-jugando-con-las-venecianas\/\" target=\"\">Pliego: Jugando con las Venecianas<\/a><\/h4><\/div><\/div>\n<\/div>\n<div class=\"jet-posts__item\">\n\t<div class=\"jet-posts__inner-box\" style=\"background-image: url('https:\/\/mtm.madrid\/wp-content\/uploads\/2025\/05\/showmadera.jpg'); background-repeat: no-repeat; background-size: cover; background-position: center center;\"><div class=\"jet-posts__inner-content\"><h4 class=\"entry-title\"><a href=\"https:\/\/mtm.madrid\/es\/del-tipo-de-madera-a-show\/\" target=\"\">Del tipo de madera a Show<\/a><\/h4><\/div><\/div>\n<\/div>\n<div class=\"jet-posts__item\">\n\t<div class=\"jet-posts__inner-box\" style=\"background-image: url('https:\/\/mtm.madrid\/wp-content\/uploads\/2025\/05\/Schotis_in_use_08.jpg'); background-repeat: no-repeat; background-size: cover; background-position: center center;\"><div class=\"jet-posts__inner-content\"><h4 class=\"entry-title\"><a href=\"https:\/\/mtm.madrid\/es\/una-romana-escocesa-schotis\/\" target=\"\">Una romana escocesa: Schotis\u200b<\/a><\/h4><\/div><\/div>\n<\/div>\n<\/div>\n<\/div>\t\t\t\t<\/div>\n\t\t\t\t<\/div>\n\t\t<div class=\"elementor-element elementor-element-ea57c5a e-con-full e-flex e-con e-child\" data-id=\"ea57c5a\" data-element_type=\"container\" data-settings=\"{&quot;jet_parallax_layout_list&quot;:[]}\">\n\t\t\t\t<\/div>\n\t\t\t\t<div class=\"elementor-element elementor-element-8583aad elementor-widget elementor-widget-text-editor\" data-id=\"8583aad\" data-element_type=\"widget\" data-widget_type=\"text-editor.default\">\n\t\t\t\t<div class=\"elementor-widget-container\">\n\t\t\t\t\t\t\t\t\t<p>Nuestra secci\u00f3n Fonts in Use, probando nuestras Es antes de su publicaci\u00f3n<\/p>\t\t\t\t\t\t\t\t<\/div>\n\t\t\t\t<\/div>\n\t\t\t\t<div class=\"elementor-element elementor-element-ab3e1de elementor-widget elementor-widget-spacer\" data-id=\"ab3e1de\" data-element_type=\"widget\" data-widget_type=\"spacer.default\">\n\t\t\t\t<div class=\"elementor-widget-container\">\n\t\t\t\t\t\t\t<div class=\"elementor-spacer\">\n\t\t\t<div class=\"elementor-spacer-inner\"><\/div>\n\t\t<\/div>\n\t\t\t\t\t\t<\/div>\n\t\t\t\t<\/div>\n\t\t\t\t\t<\/div>\n\t\t\t\t<\/div>\n\t\t\t\t<\/div>\n\t\t","protected":false},"excerpt":{"rendered":"<p>Almac\u00e9n En esta secci\u00f3n en construcci\u00f3n, mostraremos parte del material relacionado con nuestro trabajo que hemos recopilado a lo largo de los a\u00f1os: nuestras Fonts in Use, Espec\u00edmenes Impresos, y cualquier otro elemento que no sepamos d\u00f3nde ubicar. Por ahora, tenemos nuestros: ART\u00cdCULOS El dise\u00f1o de tipos es un proceso largo, que a veces dura [&hellip;]<\/p>\n","protected":false},"author":2,"featured_media":0,"parent":0,"menu_order":0,"comment_status":"closed","ping_status":"closed","template":"","meta":{"footnotes":""},"class_list":["post-2258","page","type-page","status-publish","hentry"],"_links":{"self":[{"href":"https:\/\/mtm.madrid\/es\/wp-json\/wp\/v2\/pages\/2258","targetHints":{"allow":["GET"]}}],"collection":[{"href":"https:\/\/mtm.madrid\/es\/wp-json\/wp\/v2\/pages"}],"about":[{"href":"https:\/\/mtm.madrid\/es\/wp-json\/wp\/v2\/types\/page"}],"author":[{"embeddable":true,"href":"https:\/\/mtm.madrid\/es\/wp-json\/wp\/v2\/users\/2"}],"replies":[{"embeddable":true,"href":"https:\/\/mtm.madrid\/es\/wp-json\/wp\/v2\/comments?post=2258"}],"version-history":[{"count":0,"href":"https:\/\/mtm.madrid\/es\/wp-json\/wp\/v2\/pages\/2258\/revisions"}],"wp:attachment":[{"href":"https:\/\/mtm.madrid\/es\/wp-json\/wp\/v2\/media?parent=2258"}],"curies":[{"name":"wp","href":"https:\/\/api.w.org\/{rel}","templated":true}]}}