{"id":2809,"date":"2025-05-13T13:51:25","date_gmt":"2025-05-13T13:51:25","guid":{"rendered":"https:\/\/mtm.madrid\/mtmupdater\/una-romana-escocesa-schotis\/"},"modified":"2025-05-21T15:22:44","modified_gmt":"2025-05-21T15:22:44","slug":"una-romana-escocesa-schotis","status":"publish","type":"page","link":"https:\/\/mtm.madrid\/es\/una-romana-escocesa-schotis\/","title":{"rendered":"Una romana escocesa: Schotis\u200b"},"content":{"rendered":"\t\t<div data-elementor-type=\"wp-page\" data-elementor-id=\"2809\" class=\"elementor elementor-2809 elementor-2686\">\n\t\t\t\t<div class=\"elementor-element elementor-element-479bce1 e-flex e-con-boxed e-con e-parent\" data-id=\"479bce1\" data-element_type=\"container\" data-settings=\"{&quot;background_background&quot;:&quot;classic&quot;,&quot;jet_parallax_layout_list&quot;:[]}\">\n\t\t\t\t\t<div class=\"e-con-inner\">\n\t\t\t\t<div class=\"elementor-element elementor-element-2827924 elementor-widget elementor-widget-heading\" data-id=\"2827924\" data-element_type=\"widget\" data-widget_type=\"heading.default\">\n\t\t\t\t<div class=\"elementor-widget-container\">\n\t\t\t\t\t<h2 class=\"elementor-heading-title elementor-size-default\">Una romana escocesa: Schotis\u200b<\/h2>\t\t\t\t<\/div>\n\t\t\t\t<\/div>\n\t\t\t\t\t<\/div>\n\t\t\t\t<\/div>\n\t\t<div class=\"elementor-element elementor-element-79d83e0 e-flex e-con-boxed e-con e-parent\" data-id=\"79d83e0\" data-element_type=\"container\" data-settings=\"{&quot;background_background&quot;:&quot;gradient&quot;,&quot;jet_parallax_layout_list&quot;:[]}\">\n\t\t\t\t\t<div class=\"e-con-inner\">\n\t\t\t\t<div class=\"elementor-element elementor-element-03cb8e3 elementor-widget elementor-widget-spacer\" data-id=\"03cb8e3\" data-element_type=\"widget\" data-widget_type=\"spacer.default\">\n\t\t\t\t<div class=\"elementor-widget-container\">\n\t\t\t\t\t\t\t<div class=\"elementor-spacer\">\n\t\t\t<div class=\"elementor-spacer-inner\"><\/div>\n\t\t<\/div>\n\t\t\t\t\t\t<\/div>\n\t\t\t\t<\/div>\n\t\t\t\t<div class=\"elementor-element elementor-element-f4298db elementor-widget elementor-widget-text-editor\" data-id=\"f4298db\" data-element_type=\"widget\" data-widget_type=\"text-editor.default\">\n\t\t\t\t<div class=\"elementor-widget-container\">\n\t\t\t\t\t\t\t\t\t<p class=\"gmail-p1\">La historia de <em>Schotis<\/em> empieza en 2014. Ram\u00f3n Penela, editor de <a href=\"http:\/\/www.unostiposduros.com\" target=\"_blank\" rel=\"noopener\">Unostiposduros<\/a> y gran amigo, llevaba tiempo queriendo que hici\u00e9semos un tipo juntos. Juntos quiere decir que yo lo hago y el se ocupa del <em>enfoque te\u00f3rico<\/em>, osea que no da ni golpe. \u00a1Es el estilo Ram\u00f3n!   <\/p><p>Le dije que s\u00ed, <em>por supuesto<\/em>, porque nunca le digo que no a Ram\u00f3n. Pero en el fondo estaba deseando que acabase olvid\u00e1ndolo, porque no me hace mucha ilusi\u00f3n trabajar meses o a\u00f1os en las ideas de otra persona. <\/p><p>Pero Ram\u00f3n no se olvid\u00f3, y un d\u00eda me envi\u00f3 un correo enorme con una propuesta: vamos a hacer una Scotch Roman, y me adjunt\u00f3 espec\u00edmenes y textos para que me empapase del estilo y de su historia.<\/p>\t\t\t\t\t\t\t\t<\/div>\n\t\t\t\t<\/div>\n\t\t\t\t<div class=\"elementor-element elementor-element-308f722 elementor-widget elementor-widget-spacer\" data-id=\"308f722\" data-element_type=\"widget\" data-widget_type=\"spacer.default\">\n\t\t\t\t<div class=\"elementor-widget-container\">\n\t\t\t\t\t\t\t<div class=\"elementor-spacer\">\n\t\t\t<div class=\"elementor-spacer-inner\"><\/div>\n\t\t<\/div>\n\t\t\t\t\t\t<\/div>\n\t\t\t\t<\/div>\n\t\t\t\t\t<\/div>\n\t\t\t\t<\/div>\n\t\t<div class=\"elementor-element elementor-element-7140ef8 e-flex e-con-boxed e-con e-parent\" data-id=\"7140ef8\" data-element_type=\"container\" data-settings=\"{&quot;jet_parallax_layout_list&quot;:[]}\">\n\t\t\t\t\t<div class=\"e-con-inner\">\n\t\t<div class=\"elementor-element elementor-element-140cbc7 e-con-full e-flex e-con e-child\" data-id=\"140cbc7\" data-element_type=\"container\" data-settings=\"{&quot;jet_parallax_layout_list&quot;:[]}\">\n\t\t\t\t<div class=\"elementor-element elementor-element-d19ee38 elementor-widget elementor-widget-heading\" data-id=\"d19ee38\" data-element_type=\"widget\" data-widget_type=\"heading.default\">\n\t\t\t\t<div class=\"elementor-widget-container\">\n\t\t\t\t\t<h2 class=\"elementor-heading-title elementor-size-default\">De las Scotch Romans...<\/h2>\t\t\t\t<\/div>\n\t\t\t\t<\/div>\n\t\t\t\t<div class=\"elementor-element elementor-element-eb61338 boton-buy-catalog elementor-widget elementor-widget-text-editor\" data-id=\"eb61338\" data-element_type=\"widget\" data-widget_type=\"text-editor.default\">\n\t\t\t\t<div class=\"elementor-widget-container\">\n\t\t\t\t\t\t\t\t\t<p>Las Scotch Romans, o romanas escocesas son un caso curioso en la historia de la tipograf\u00eda. Aunque fueron unos de los tipos m\u00e1s usados durante el siglo XIX y principios del XX, no han encontrado su lugar en las clasificaciones tipogr\u00e1ficas. <\/p><p>Aparecieron al inicio del siglo XIX con la <em>Pica No. 2<\/em> en el cat\u00e1logo de William Miller (1813) y fueron el camino ingl\u00e9s hacia las romanas modernas con alto contraste y eje vertical. De hecho, fueron llamadas simplemente <em>Modernas<\/em>. Al contrario que en la ruta continental de Fournier, Didot y Bodoni, los ingleses optaron por una letra m\u00e1s ancha y legible con un dise\u00f1o que resist\u00eda mejor las malas condiciones de impresi\u00f3n de las nuevas m\u00e1quinas industriales.  <\/p><p>Quiz\u00e1 por ser inmensamente popular y usada en impresos masivos y baratos (aquellos contra los que rugi\u00f3 William Morris) el canon tipogr\u00e1fico de alguna forma ignor\u00f3 a la escocesa y las romanas modernas continentales se llevaron toda la fama. Incluso se bautiz\u00f3 al estilo como Didonas (Didot + Bodoni). Toda esta historia hace de las Scotch Romans y estilo menos conocido y, hasta cierto punto, con pocas versiones digitales comparada con sus primas europeas.  <\/p>\t\t\t\t\t\t\t\t<\/div>\n\t\t\t\t<\/div>\n\t\t\t\t<\/div>\n\t\t<div class=\"elementor-element elementor-element-1f5ef8e e-flex e-con-boxed e-con e-child\" data-id=\"1f5ef8e\" data-element_type=\"container\" data-settings=\"{&quot;jet_parallax_layout_list&quot;:[]}\">\n\t\t\t\t\t<div class=\"e-con-inner\">\n\t\t\t\t<div class=\"elementor-element elementor-element-53c1e0f elementor-widget elementor-widget-image\" data-id=\"53c1e0f\" data-element_type=\"widget\" data-widget_type=\"image.default\">\n\t\t\t\t<div class=\"elementor-widget-container\">\n\t\t\t\t\t\t\t\t\t\t\t\t\t\t\t<img fetchpriority=\"high\" decoding=\"async\" width=\"700\" height=\"723\" src=\"https:\/\/mtm.madrid\/wp-content\/uploads\/2025\/05\/StephensonBlake2.jpg\" class=\"attachment-large size-large wp-image-2704\" alt=\"\" \/>\t\t\t\t\t\t\t\t\t\t\t\t\t\t\t<\/div>\n\t\t\t\t<\/div>\n\t\t\t\t<div class=\"elementor-element elementor-element-fd2ddd3 elementor-widget elementor-widget-text-editor\" data-id=\"fd2ddd3\" data-element_type=\"widget\" data-widget_type=\"text-editor.default\">\n\t\t\t\t<div class=\"elementor-widget-container\">\n\t\t\t\t\t\t\t\t\t<p><em>Printing Types.<\/em> Stephenson Blake &amp; Co. Ltd. <\/p>\t\t\t\t\t\t\t\t<\/div>\n\t\t\t\t<\/div>\n\t\t\t\t\t<\/div>\n\t\t\t\t<\/div>\n\t\t\t\t\t<\/div>\n\t\t\t\t<\/div>\n\t\t<div class=\"elementor-element elementor-element-c734e26 e-flex e-con-boxed e-con e-parent\" data-id=\"c734e26\" data-element_type=\"container\" data-settings=\"{&quot;background_background&quot;:&quot;classic&quot;,&quot;jet_parallax_layout_list&quot;:[]}\">\n\t\t\t\t\t<div class=\"e-con-inner\">\n\t\t\t\t<div class=\"elementor-element elementor-element-0e0e0dd elementor-widget elementor-widget-spacer\" data-id=\"0e0e0dd\" data-element_type=\"widget\" data-widget_type=\"spacer.default\">\n\t\t\t\t<div class=\"elementor-widget-container\">\n\t\t\t\t\t\t\t<div class=\"elementor-spacer\">\n\t\t\t<div class=\"elementor-spacer-inner\"><\/div>\n\t\t<\/div>\n\t\t\t\t\t\t<\/div>\n\t\t\t\t<\/div>\n\t\t\t\t\t<\/div>\n\t\t\t\t<\/div>\n\t\t<div class=\"elementor-element elementor-element-a94679a e-flex e-con-boxed e-con e-parent\" data-id=\"a94679a\" data-element_type=\"container\" data-settings=\"{&quot;background_background&quot;:&quot;gradient&quot;,&quot;jet_parallax_layout_list&quot;:[]}\">\n\t\t\t\t\t<div class=\"e-con-inner\">\n\t\t\t\t<div class=\"elementor-element elementor-element-48fccec elementor-widget elementor-widget-spacer\" data-id=\"48fccec\" data-element_type=\"widget\" data-widget_type=\"spacer.default\">\n\t\t\t\t<div class=\"elementor-widget-container\">\n\t\t\t\t\t\t\t<div class=\"elementor-spacer\">\n\t\t\t<div class=\"elementor-spacer-inner\"><\/div>\n\t\t<\/div>\n\t\t\t\t\t\t<\/div>\n\t\t\t\t<\/div>\n\t\t\t\t<div class=\"elementor-element elementor-element-8f7b907 elementor-widget elementor-widget-text-editor\" data-id=\"8f7b907\" data-element_type=\"widget\" data-widget_type=\"text-editor.default\">\n\t\t\t\t<div class=\"elementor-widget-container\">\n\t\t\t\t\t\t\t\t\t<p>Diccionario de argot espa\u00f1ol. Manuales Soler. <\/p>\t\t\t\t\t\t\t\t<\/div>\n\t\t\t\t<\/div>\n\t\t\t\t<div class=\"elementor-element elementor-element-514665f elementor-widget elementor-widget-text-editor\" data-id=\"514665f\" data-element_type=\"widget\" data-widget_type=\"text-editor.default\">\n\t\t\t\t<div class=\"elementor-widget-container\">\n\t\t\t\t\t\t\t\t\t<p>Me gustaba esta historia de un tipo incomprendido, incluso algunos de los atributos formales de las escocesas se encontraban en otros de mis dise\u00f1os. Pero para comenzar un proyecto necesito algo que lo haga m\u00edo, que me de combustible para meses o a\u00f1os. Un click mental que me obliga a dise\u00f1ar una tipograf\u00eda, y ese click normalmente tiene que ver con historias divertidas y letras chulas.  <\/p>\t\t\t\t\t\t\t\t<\/div>\n\t\t\t\t<\/div>\n\t\t\t\t\t<\/div>\n\t\t\t\t<\/div>\n\t\t<div class=\"elementor-element elementor-element-95b72ad e-flex e-con-boxed e-con e-parent\" data-id=\"95b72ad\" data-element_type=\"container\" data-settings=\"{&quot;jet_parallax_layout_list&quot;:[]}\">\n\t\t\t\t\t<div class=\"e-con-inner\">\n\t\t<div class=\"elementor-element elementor-element-04585f8 e-con-full e-flex e-con e-child\" data-id=\"04585f8\" data-element_type=\"container\" data-settings=\"{&quot;jet_parallax_layout_list&quot;:[]}\">\n\t\t\t\t<div class=\"elementor-element elementor-element-f87ceb8 elementor-widget elementor-widget-heading\" data-id=\"f87ceb8\" data-element_type=\"widget\" data-widget_type=\"heading.default\">\n\t\t\t\t<div class=\"elementor-widget-container\">\n\t\t\t\t\t<h2 class=\"elementor-heading-title elementor-size-default\">...a Schotis<\/h2>\t\t\t\t<\/div>\n\t\t\t\t<\/div>\n\t\t\t\t<div class=\"elementor-element elementor-element-32c6445 boton-buy-catalog elementor-widget elementor-widget-text-editor\" data-id=\"32c6445\" data-element_type=\"widget\" data-widget_type=\"text-editor.default\">\n\t\t\t\t<div class=\"elementor-widget-container\">\n\t\t\t\t\t\t\t\t\t<div data-id=\"3cad66a\" data-element_type=\"widget\" data-widget_type=\"text-editor.default\"><div><div><p>Hubo dos coincidencias que me convencieron de que ten\u00eda que hacer esta letra. La primera fue el encuentro con un libro que compr\u00e9 en el Rastro de Madrid: <em>Diccionario de argot espa\u00f1ol<\/em>. Era una maravilla divertid\u00edsima editada por una colecci\u00f3n de libros educativos de principios del XX que, por supuesto, estaba compuesto en romanas escocesas.  <\/p><p>Aprender que la mayor\u00eda del argot que yo mismo uso hoy en d\u00eda tiene cien a\u00f1os o m\u00e1s, de alguna manera me conect\u00f3 con el libro y el aspecto fant\u00e1stico de auqellas letras impresas en papel amarillento barato. \u00a1Incluso el libro estaba impreso en la calle <em>Molas <\/em>en Barcelona,<em> era una se\u00f1al!<\/em> <\/p><p>Lo segundo que me convenci\u00f3 ten\u00eda que ver con el nombre. Para m\u00ed, un buen nombre aporta mucho al caracter de una tipograf\u00eda. En este caso, cualquier nombre relacionado con Escocia iba a ser inevitablemente un clich\u00e9 no demasiado original por mi parte. Entonces record\u00e9 algo que muy poca gente sabe (por ahora).   <\/p><p>A finales del siglo XIX, uno un baile de moda entre la alta sociedad llamado el Scottish. En varias partes del mundo aquel baile lleg\u00f3 hasta las clases populares que transformaron el baile y su m\u00fasica de diferentes maneras. En Madrid, su nombre se espa\u00f1oliz\u00f3 y cambi\u00f3 a <em>schotis<\/em>. Ahora se conoce como chotis, un tipo de baile lento cuyas letras tratan de chulos y mujeres de armas tomar.   <\/p><p>La coincidencia entre las romanas escocesas, el argot y el baile popular de mi ciudad era, para m\u00ed, tan alucinante que no pod\u00eda decir no a este proyecto, y as\u00ed es como comenz\u00f3 <em>Schotis<\/em>. <\/p><p>Tres a\u00f1os despu\u00e9s, aqu\u00ed est\u00e1 <a href=\"https:\/\/www.juanjez.com\/typefaces\/schotis-text\/\" target=\"_blank\" rel=\"noopener\" data-wplink-edit=\"true\">Schotis<\/a>, una todoterreno que se adapta a cualquier uso editorial con un set de caracteres que abarca casi cualquier idioma latino.<\/p><p>He evitado las formas y el contraste exagerados propios de las Scotch del siglo XIX para conseguir un estilo m\u00e1s moderno con mejor legibilidad a tama\u00f1os peque\u00f1os en Schotis Text. dejando la diversi\u00f3n para Schotis Display.<\/p><\/div><\/div><\/div>\t\t\t\t\t\t\t\t<\/div>\n\t\t\t\t<\/div>\n\t\t\t\t<\/div>\n\t\t<div class=\"elementor-element elementor-element-fd30a90 e-flex e-con-boxed e-con e-child\" data-id=\"fd30a90\" data-element_type=\"container\" data-settings=\"{&quot;jet_parallax_layout_list&quot;:[]}\">\n\t\t\t\t\t<div class=\"e-con-inner\">\n\t\t\t\t<div class=\"elementor-element elementor-element-9500505 elementor-widget elementor-widget-image\" data-id=\"9500505\" data-element_type=\"widget\" data-widget_type=\"image.default\">\n\t\t\t\t<div class=\"elementor-widget-container\">\n\t\t\t\t\t\t\t\t\t\t\t\t\t\t\t<img decoding=\"async\" width=\"550\" height=\"825\" src=\"https:\/\/mtm.madrid\/wp-content\/uploads\/2025\/05\/30863484.jpg\" class=\"attachment-large size-large wp-image-2716\" alt=\"\" \/>\t\t\t\t\t\t\t\t\t\t\t\t\t\t\t<\/div>\n\t\t\t\t<\/div>\n\t\t\t\t<div class=\"elementor-element elementor-element-17a57d3 elementor-widget elementor-widget-text-editor\" data-id=\"17a57d3\" data-element_type=\"widget\" data-widget_type=\"text-editor.default\">\n\t\t\t\t<div class=\"elementor-widget-container\">\n\t\t\t\t\t\t\t\t\t<div data-id=\"9d1b2c9\" data-element_type=\"widget\" data-widget_type=\"text-editor.default\"><p>Vieja partitura de un Schotis.<\/p><\/div>\t\t\t\t\t\t\t\t<\/div>\n\t\t\t\t<\/div>\n\t\t\t\t\t<\/div>\n\t\t\t\t<\/div>\n\t\t\t\t\t<\/div>\n\t\t\t\t<\/div>\n\t\t<div class=\"elementor-element elementor-element-0a597d2 e-flex e-con-boxed e-con e-parent\" data-id=\"0a597d2\" data-element_type=\"container\" data-settings=\"{&quot;background_background&quot;:&quot;gradient&quot;,&quot;jet_parallax_layout_list&quot;:[]}\">\n\t\t\t\t\t<div class=\"e-con-inner\">\n\t\t\t\t<div class=\"elementor-element elementor-element-bfe50ec elementor-widget elementor-widget-spacer\" data-id=\"bfe50ec\" data-element_type=\"widget\" data-widget_type=\"spacer.default\">\n\t\t\t\t<div class=\"elementor-widget-container\">\n\t\t\t\t\t\t\t<div class=\"elementor-spacer\">\n\t\t\t<div class=\"elementor-spacer-inner\"><\/div>\n\t\t<\/div>\n\t\t\t\t\t\t<\/div>\n\t\t\t\t<\/div>\n\t\t\t\t<div class=\"elementor-element elementor-element-05d07df elementor-widget__width-inherit elementor-widget-mobile__width-inherit elementor-widget elementor-widget-image\" data-id=\"05d07df\" data-element_type=\"widget\" data-widget_type=\"image.default\">\n\t\t\t\t<div class=\"elementor-widget-container\">\n\t\t\t\t\t\t\t\t\t\t\t\t\t\t\t<img decoding=\"async\" width=\"800\" height=\"400\" src=\"https:\/\/mtm.madrid\/wp-content\/uploads\/2025\/04\/Schotis_2022-copia-63.svg\" class=\"attachment-large size-large wp-image-2038\" alt=\"\" \/>\t\t\t\t\t\t\t\t\t\t\t\t\t\t\t<\/div>\n\t\t\t\t<\/div>\n\t\t\t\t<div class=\"elementor-element elementor-element-24e5eb0 elementor-widget elementor-widget-text-editor\" data-id=\"24e5eb0\" data-element_type=\"widget\" data-widget_type=\"text-editor.default\">\n\t\t\t\t<div class=\"elementor-widget-container\">\n\t\t\t\t\t\t\t\t\t<p>Schotis Text dispone de un juego de caracteres ampliado para las lenguas europeas, as\u00ed como para el vietnamita, y muestra todo su potencial con las aplicaciones compatibles con OpenType. Todas las fuentes incluyen versalitas, ligaduras, numerales de estilo antiguo y alineados, cifras proporcionales y tabulares, super\u00edndice, sub\u00edndice, numeradores, denominadores y fracciones. <\/p>\t\t\t\t\t\t\t\t<\/div>\n\t\t\t\t<\/div>\n\t\t\t\t<div class=\"elementor-element elementor-element-ca6a540 elementor-align-center elementor-widget elementor-widget-button\" data-id=\"ca6a540\" data-element_type=\"widget\" data-widget_type=\"button.default\">\n\t\t\t\t<div class=\"elementor-widget-container\">\n\t\t\t\t\t\t\t\t\t<div class=\"elementor-button-wrapper\">\n\t\t\t\t\t<a class=\"elementor-button elementor-button-link elementor-size-sm\" href=\"https:\/\/mtm.madrid\/es\/fonts\/schotis\/\">\n\t\t\t\t\t\t<span class=\"elementor-button-content-wrapper\">\n\t\t\t\t\t\t\t\t\t<span class=\"elementor-button-text\">VISITE SCHOTIS<\/span>\n\t\t\t\t\t<\/span>\n\t\t\t\t\t<\/a>\n\t\t\t\t<\/div>\n\t\t\t\t\t\t\t\t<\/div>\n\t\t\t\t<\/div>\n\t\t\t\t\t<\/div>\n\t\t\t\t<\/div>\n\t\t<div class=\"elementor-element elementor-element-9998cea e-flex e-con-boxed e-con e-parent\" data-id=\"9998cea\" data-element_type=\"container\" data-settings=\"{&quot;jet_parallax_layout_list&quot;:[],&quot;position&quot;:&quot;fixed&quot;}\">\n\t\t\t\t\t<div class=\"e-con-inner\">\n\t\t\t\t<div class=\"elementor-element elementor-element-a99413d boton-buy-catalog elementor-widget elementor-widget-text-editor\" data-id=\"a99413d\" data-element_type=\"widget\" data-widget_type=\"text-editor.default\">\n\t\t\t\t<div class=\"elementor-widget-container\">\n\t\t\t\t\t\t\t\t\t<p><p><fontdue-buy-button \n  collection-slug=\"schotis\"\n  collection-name=\"Schotis\"\n><\/fontdue-buy-button><\/p>\n<\/p>\t\t\t\t\t\t\t\t<\/div>\n\t\t\t\t<\/div>\n\t\t\t\t\t<\/div>\n\t\t\t\t<\/div>\n\t\t\t\t<\/div>\n\t\t","protected":false},"excerpt":{"rendered":"<p>Una romana escocesa: Schotis\u200b La historia de Schotis empieza en 2014. Ram\u00f3n Penela, editor de Unostiposduros y gran amigo, llevaba tiempo queriendo que hici\u00e9semos un tipo juntos. Juntos quiere decir que yo lo hago y el se ocupa del enfoque te\u00f3rico, osea que no da ni golpe. \u00a1Es el estilo Ram\u00f3n! Le dije que s\u00ed, [&hellip;]<\/p>\n","protected":false},"author":2,"featured_media":2698,"parent":0,"menu_order":0,"comment_status":"closed","ping_status":"closed","template":"","meta":{"footnotes":""},"class_list":["post-2809","page","type-page","status-publish","has-post-thumbnail","hentry"],"_links":{"self":[{"href":"https:\/\/mtm.madrid\/es\/wp-json\/wp\/v2\/pages\/2809","targetHints":{"allow":["GET"]}}],"collection":[{"href":"https:\/\/mtm.madrid\/es\/wp-json\/wp\/v2\/pages"}],"about":[{"href":"https:\/\/mtm.madrid\/es\/wp-json\/wp\/v2\/types\/page"}],"author":[{"embeddable":true,"href":"https:\/\/mtm.madrid\/es\/wp-json\/wp\/v2\/users\/2"}],"replies":[{"embeddable":true,"href":"https:\/\/mtm.madrid\/es\/wp-json\/wp\/v2\/comments?post=2809"}],"version-history":[{"count":0,"href":"https:\/\/mtm.madrid\/es\/wp-json\/wp\/v2\/pages\/2809\/revisions"}],"wp:featuredmedia":[{"embeddable":true,"href":"https:\/\/mtm.madrid\/es\/wp-json\/wp\/v2\/media\/2698"}],"wp:attachment":[{"href":"https:\/\/mtm.madrid\/es\/wp-json\/wp\/v2\/media?parent=2809"}],"curies":[{"name":"wp","href":"https:\/\/api.w.org\/{rel}","templated":true}]}}