{"id":2811,"date":"2025-05-13T18:16:38","date_gmt":"2025-05-13T18:16:38","guid":{"rendered":"https:\/\/mtm.madrid\/mtmupdater\/pliego-jugando-con-las-venecianas\/"},"modified":"2025-05-19T17:24:19","modified_gmt":"2025-05-19T17:24:19","slug":"pliego-jugando-con-las-venecianas","status":"publish","type":"page","link":"https:\/\/mtm.madrid\/es\/pliego-jugando-con-las-venecianas\/","title":{"rendered":"Pliego: Jugando con las Venecianas"},"content":{"rendered":"\t\t<div data-elementor-type=\"wp-page\" data-elementor-id=\"2811\" class=\"elementor elementor-2811 elementor-2791\">\n\t\t\t\t<div class=\"elementor-element elementor-element-479bce1 e-flex e-con-boxed e-con e-parent\" data-id=\"479bce1\" data-element_type=\"container\" data-settings=\"{&quot;background_background&quot;:&quot;classic&quot;,&quot;jet_parallax_layout_list&quot;:[]}\">\n\t\t\t\t\t<div class=\"e-con-inner\">\n\t\t\t\t<div class=\"elementor-element elementor-element-2827924 elementor-widget elementor-widget-heading\" data-id=\"2827924\" data-element_type=\"widget\" data-widget_type=\"heading.default\">\n\t\t\t\t<div class=\"elementor-widget-container\">\n\t\t\t\t\t<h2 class=\"elementor-heading-title elementor-size-default\">Pliego: Jugando con las Venecianas<\/h2>\t\t\t\t<\/div>\n\t\t\t\t<\/div>\n\t\t\t\t\t<\/div>\n\t\t\t\t<\/div>\n\t\t<div class=\"elementor-element elementor-element-79d83e0 e-flex e-con-boxed e-con e-parent\" data-id=\"79d83e0\" data-element_type=\"container\" data-settings=\"{&quot;background_background&quot;:&quot;gradient&quot;,&quot;jet_parallax_layout_list&quot;:[]}\">\n\t\t\t\t\t<div class=\"e-con-inner\">\n\t\t\t\t<div class=\"elementor-element elementor-element-03cb8e3 elementor-widget elementor-widget-spacer\" data-id=\"03cb8e3\" data-element_type=\"widget\" data-widget_type=\"spacer.default\">\n\t\t\t\t<div class=\"elementor-widget-container\">\n\t\t\t\t\t\t\t<div class=\"elementor-spacer\">\n\t\t\t<div class=\"elementor-spacer-inner\"><\/div>\n\t\t<\/div>\n\t\t\t\t\t\t<\/div>\n\t\t\t\t<\/div>\n\t\t\t\t<div class=\"elementor-element elementor-element-f4298db elementor-widget elementor-widget-text-editor\" data-id=\"f4298db\" data-element_type=\"widget\" data-widget_type=\"text-editor.default\">\n\t\t\t\t<div class=\"elementor-widget-container\">\n\t\t\t\t\t\t\t\t\t<p class=\"gmail-p1\">La historia de <em>Schotis<\/em> empieza en 2014. Ram\u00f3n Penela, editor de <a href=\"http:\/\/www.unostiposduros.com\" target=\"_blank\" rel=\"noopener\">Unostiposduros<\/a> y gran amigo, llevaba tiempo queriendo que hici\u00e9semos un tipo juntos. Juntos quiere decir que yo lo hago y el se ocupa del <em>enfoque te\u00f3rico<\/em>, osea que no da ni golpe. \u00a1Es el estilo Ram\u00f3n!   <\/p><p>Le dije que s\u00ed, <em>por supuesto<\/em>, porque nunca le digo que no a Ram\u00f3n. Pero en el fondo estaba deseando que acabase olvid\u00e1ndolo, porque no me hace mucha ilusi\u00f3n trabajar meses o a\u00f1os en las ideas de otra persona. <\/p><p>Pero Ram\u00f3n no se olvid\u00f3, y un d\u00eda me envi\u00f3 un correo enorme con una propuesta: vamos a hacer una Scotch Roman, y me adjunt\u00f3 espec\u00edmenes y textos para que me empapase del estilo y de su historia.<\/p>\t\t\t\t\t\t\t\t<\/div>\n\t\t\t\t<\/div>\n\t\t\t\t<div class=\"elementor-element elementor-element-308f722 elementor-widget elementor-widget-spacer\" data-id=\"308f722\" data-element_type=\"widget\" data-widget_type=\"spacer.default\">\n\t\t\t\t<div class=\"elementor-widget-container\">\n\t\t\t\t\t\t\t<div class=\"elementor-spacer\">\n\t\t\t<div class=\"elementor-spacer-inner\"><\/div>\n\t\t<\/div>\n\t\t\t\t\t\t<\/div>\n\t\t\t\t<\/div>\n\t\t\t\t\t<\/div>\n\t\t\t\t<\/div>\n\t\t<div class=\"elementor-element elementor-element-7140ef8 e-flex e-con-boxed e-con e-parent\" data-id=\"7140ef8\" data-element_type=\"container\" data-settings=\"{&quot;jet_parallax_layout_list&quot;:[]}\">\n\t\t\t\t\t<div class=\"e-con-inner\">\n\t\t<div class=\"elementor-element elementor-element-140cbc7 e-con-full e-flex e-con e-child\" data-id=\"140cbc7\" data-element_type=\"container\" data-settings=\"{&quot;jet_parallax_layout_list&quot;:[]}\">\n\t\t\t\t<div class=\"elementor-element elementor-element-d19ee38 elementor-widget elementor-widget-heading\" data-id=\"d19ee38\" data-element_type=\"widget\" data-widget_type=\"heading.default\">\n\t\t\t\t<div class=\"elementor-widget-container\">\n\t\t\t\t\t<h2 class=\"elementor-heading-title elementor-size-default\">\u00bfQu\u00e9 es un Pliego?<\/h2>\t\t\t\t<\/div>\n\t\t\t\t<\/div>\n\t\t\t\t<div class=\"elementor-element elementor-element-eb61338 boton-buy-catalog elementor-widget elementor-widget-text-editor\" data-id=\"eb61338\" data-element_type=\"widget\" data-widget_type=\"text-editor.default\">\n\t\t\t\t<div class=\"elementor-widget-container\">\n\t\t\t\t\t\t\t\t\t<p><strong>1.<\/strong> Pieza rectangular de papel o pergamino, especialmente para escribir.<\/p><p><strong>2.<\/strong> Una tipo para texto dise\u00f1ada para ofrecer una c\u00f3moda lectura continua, con proporciones humanistas, una textura uniforme y detalles caligr\u00e1ficos informales perceptibles s\u00f3lo en tama\u00f1os grandes que le dan una sensaci\u00f3n contempor\u00e1nea. Incluye cinco pesos con cursivas a juego, varios conjuntos de numerales, versalitas en todos los pesos y montones de funciones OpenType. <\/p><p><em>Pliego<\/em> debe su nombre a los <em>Pliegos de Cordel<\/em>, unos librillos populares que eran comunes durante los siglos XVI, XVII y XVIII. Eran toscos y baratos y consist\u00edan b\u00e1sicamente en una hoja doblada que se exhib\u00eda colgando de un cordel, de ah\u00ed su nombre. Su contenido era variado, desde cuentos populares a baladas y canciones, pero tambi\u00e9n historias de cr\u00edmenes y misterios.  <\/p><p>Eran de fabricaci\u00f3n barata, toscamente impresos y encuadernados y sol\u00edan ser vendidos por muchachos, que les dieron su nombre en ingl\u00e9s: <em>Chapbooks<\/em>. Aqu\u00ed puedes visitar la <a href=\"https:\/\/cudl.lib.cam.ac.uk\/collections\/spanishchapbooks\/1\" target=\"_blank\" rel=\"noopener\">colecci\u00f3n de Pliegos de Cordel<\/a> espa\u00f1oles en la Biblioteca Digital de la Universidad de Cambridge. <\/p><p>El nombre <em>Pliego<\/em> evoca el lenguaje del oficio de impresor, pero tambi\u00e9n un aspecto tosco, bordes angulosos, gusto informal, pero aspecto cl\u00e1sico.<\/p>\t\t\t\t\t\t\t\t<\/div>\n\t\t\t\t<\/div>\n\t\t\t\t<\/div>\n\t\t<div class=\"elementor-element elementor-element-1f5ef8e e-flex e-con-boxed e-con e-child\" data-id=\"1f5ef8e\" data-element_type=\"container\" data-settings=\"{&quot;jet_parallax_layout_list&quot;:[]}\">\n\t\t\t\t\t<div class=\"e-con-inner\">\n\t\t\t\t<div class=\"elementor-element elementor-element-53c1e0f elementor-widget elementor-widget-image\" data-id=\"53c1e0f\" data-element_type=\"widget\" data-widget_type=\"image.default\">\n\t\t\t\t<div class=\"elementor-widget-container\">\n\t\t\t\t\t\t\t\t\t\t\t\t\t\t\t<img fetchpriority=\"high\" decoding=\"async\" width=\"562\" height=\"819\" src=\"https:\/\/mtm.madrid\/wp-content\/uploads\/2025\/05\/Arenga.jpg\" class=\"attachment-large size-large wp-image-2799\" alt=\"\" \/>\t\t\t\t\t\t\t\t\t\t\t\t\t\t\t<\/div>\n\t\t\t\t<\/div>\n\t\t\t\t<div class=\"elementor-element elementor-element-fd2ddd3 elementor-widget elementor-widget-text-editor\" data-id=\"fd2ddd3\" data-element_type=\"widget\" data-widget_type=\"text-editor.default\">\n\t\t\t\t<div class=\"elementor-widget-container\">\n\t\t\t\t\t\t\t\t\t<p><em>Arenga Burlesca.<\/em> Burlesque Allocution. <br>Imagen: University of Cambridge Digital Library.<\/p>\t\t\t\t\t\t\t\t<\/div>\n\t\t\t\t<\/div>\n\t\t\t\t\t<\/div>\n\t\t\t\t<\/div>\n\t\t\t\t\t<\/div>\n\t\t\t\t<\/div>\n\t\t<div class=\"elementor-element elementor-element-c734e26 e-flex e-con-boxed e-con e-parent\" data-id=\"c734e26\" data-element_type=\"container\" data-settings=\"{&quot;background_background&quot;:&quot;classic&quot;,&quot;jet_parallax_layout_list&quot;:[]}\">\n\t\t\t\t\t<div class=\"e-con-inner\">\n\t\t\t\t<div class=\"elementor-element elementor-element-0e0e0dd elementor-widget elementor-widget-spacer\" data-id=\"0e0e0dd\" data-element_type=\"widget\" data-widget_type=\"spacer.default\">\n\t\t\t\t<div class=\"elementor-widget-container\">\n\t\t\t\t\t\t\t<div class=\"elementor-spacer\">\n\t\t\t<div class=\"elementor-spacer-inner\"><\/div>\n\t\t<\/div>\n\t\t\t\t\t\t<\/div>\n\t\t\t\t<\/div>\n\t\t\t\t\t<\/div>\n\t\t\t\t<\/div>\n\t\t<div class=\"elementor-element elementor-element-a94679a e-flex e-con-boxed e-con e-parent\" data-id=\"a94679a\" data-element_type=\"container\" data-settings=\"{&quot;background_background&quot;:&quot;gradient&quot;,&quot;jet_parallax_layout_list&quot;:[]}\">\n\t\t\t\t\t<div class=\"e-con-inner\">\n\t\t\t\t<div class=\"elementor-element elementor-element-48fccec elementor-widget elementor-widget-spacer\" data-id=\"48fccec\" data-element_type=\"widget\" data-widget_type=\"spacer.default\">\n\t\t\t\t<div class=\"elementor-widget-container\">\n\t\t\t\t\t\t\t<div class=\"elementor-spacer\">\n\t\t\t<div class=\"elementor-spacer-inner\"><\/div>\n\t\t<\/div>\n\t\t\t\t\t\t<\/div>\n\t\t\t\t<\/div>\n\t\t\t\t<div class=\"elementor-element elementor-element-8f7b907 elementor-widget elementor-widget-text-editor\" data-id=\"8f7b907\" data-element_type=\"widget\" data-widget_type=\"text-editor.default\">\n\t\t\t\t<div class=\"elementor-widget-container\">\n\t\t\t\t\t\t\t\t\t<p><em>Hypnerotomachia Poliphili.<\/em> 1499, Aldo Manuzio. Imagen: Metropolitan Museum of Art. <\/p>\t\t\t\t\t\t\t\t<\/div>\n\t\t\t\t<\/div>\n\t\t\t\t<div class=\"elementor-element elementor-element-8910cb0 elementor-widget elementor-widget-heading\" data-id=\"8910cb0\" data-element_type=\"widget\" data-widget_type=\"heading.default\">\n\t\t\t\t<div class=\"elementor-widget-container\">\n\t\t\t\t\t<h2 class=\"elementor-heading-title elementor-size-default\">Enamorado de Aldo Manuzio<\/h2>\t\t\t\t<\/div>\n\t\t\t\t<\/div>\n\t\t\t\t<div class=\"elementor-element elementor-element-514665f elementor-widget elementor-widget-text-editor\" data-id=\"514665f\" data-element_type=\"widget\" data-widget_type=\"text-editor.default\">\n\t\t\t\t<div class=\"elementor-widget-container\">\n\t\t\t\t\t\t\t\t\t<p>La idea de crear un tipo de letra humanista me asalt\u00f3 en la exposici\u00f3n de Aldo Manuzio en la Biblioteca Nacional de Madrid en 2015. Con la nariz pegada a un cristal, admirando la <em>Hypnerotomachia Poliphili<\/em> (El sue\u00f1o de Polifilo), me sent\u00ed abrumado por el color potente y uniforme de la tipograf\u00eda de Griffo. El origen de la palabra texto, que en lat\u00edn significa tejido, <em>textus<\/em>, nunca me hab\u00eda parecido tan clara.   <\/p><p>Pense en intentar conseguir esa textura equilibrada y oscura de la impresi\u00f3n tipogr\u00e1fica, pero no quer\u00eda investigar ni digitalizar escaneados de alta resoluci\u00f3n de los tipos de Griffo. Simplemente mantuve esa sensaci\u00f3n varios meses en el fondo de mi mente para hacer un dise\u00f1o basado en mi sensaci\u00f3n, no en las formas, que muchos dise\u00f1adores hab\u00edan estado reelaborando durante siglos. <\/p><p>Adem\u00e1s, durante esos meses asist\u00ed a una interesante conferencia de <a href=\"http:\/\/www.casasin.com\/\" target=\"_blank\" rel=\"noopener\">Joancarles Casasin<\/a> en el Festival VLANC sobre como enfoca su trabajo como dise\u00f1ador tipogr\u00e1fico. En un momento de la charla mostr\u00f3 una imagen de un experimento: un tipo de letra formal de estilo antiguo con un dibujo intencionadamente suelto. Me qued\u00e9 con esa idea de conseguir una buena textura de lectura con un dibujo desigual. Adem\u00e1s, no busqu\u00e9 en internet la conferencia completa para saber si mi interpretaci\u00f3n del punto de vista de Joanca era correcta. S\u00f3lo quer\u00eda probar ese dibujo suelto con mi tipograf\u00eda renacentista veneciana.    <\/p>\t\t\t\t\t\t\t\t<\/div>\n\t\t\t\t<\/div>\n\t\t\t\t\t<\/div>\n\t\t\t\t<\/div>\n\t\t<div class=\"elementor-element elementor-element-95b72ad e-flex e-con-boxed e-con e-parent\" data-id=\"95b72ad\" data-element_type=\"container\" data-settings=\"{&quot;jet_parallax_layout_list&quot;:[]}\">\n\t\t\t\t\t<div class=\"e-con-inner\">\n\t\t<div class=\"elementor-element elementor-element-04585f8 e-con-full e-flex e-con e-child\" data-id=\"04585f8\" data-element_type=\"container\" data-settings=\"{&quot;jet_parallax_layout_list&quot;:[]}\">\n\t\t\t\t<div class=\"elementor-element elementor-element-f87ceb8 elementor-widget elementor-widget-heading\" data-id=\"f87ceb8\" data-element_type=\"widget\" data-widget_type=\"heading.default\">\n\t\t\t\t<div class=\"elementor-widget-container\">\n\t\t\t\t\t<h2 class=\"elementor-heading-title elementor-size-default\">Acerc\u00e1ndome al estilo veneciano<\/h2>\t\t\t\t<\/div>\n\t\t\t\t<\/div>\n\t\t\t\t<div class=\"elementor-element elementor-element-32c6445 boton-buy-catalog elementor-widget elementor-widget-text-editor\" data-id=\"32c6445\" data-element_type=\"widget\" data-widget_type=\"text-editor.default\">\n\t\t\t\t<div class=\"elementor-widget-container\">\n\t\t\t\t\t\t\t\t\t<div data-id=\"3cad66a\" data-element_type=\"widget\" data-widget_type=\"text-editor.default\"><div><div><p>Estaba trabajando en Schotis mientras iba planeando y dibujando bocetos para el nuevo proyecto. Mientras que en Schotis cada decisi\u00f3n de dise\u00f1o era intencionadamente convencional, ahora quer\u00eda divertirme arriesgando con las formas de las letras. Ante cada duda de dise\u00f1o, siempre eleg\u00eda la opci\u00f3n m\u00e1s atrevida, que a veces afectaba al resto del dise\u00f1o.  <\/p><p>Trabaj\u00e9 en Pliego desde el principio en todos los pesos y cursivas como se trabaja en una escultura, con una masa informe de la que vas quitando y a\u00f1adiendo material mientras das vueltas buscando fallos. Cada peque\u00f1o cambio afecta a lo que ves desde otro \u00e1ngulo hasta que finalmente todo encaja. Me gusta esa forma de trabajar, me encaja mejor que la l\u00f3gica de ir paso a paso con decisiones meditadas que se dan por buenas y nunca cambiar\u00e1n.  <\/p><p>No busqu\u00e9 escaneos online de los libros de Manuzio o similares, sino que cuando necesitaba referencias de estilo o ten\u00eda dudas sobre alg\u00fan caracter eleg\u00eda como modelo un libro comprado hace a\u00f1os en el rastro de Madrid: <em>La Verdadera Pol\u00edtica de los Hombres de Distinci\u00f3n<\/em>, un libro sobre c\u00f3mo comportarse en todos los aspectos de la vida, impreso en Barcelona en 1726. No es un libro especialmente lujoso ni bien impreso, pero los detalles y florituras de algunas letras han acabado llegando a Pliego. <\/p><p>Adem\u00e1s de ayudarme en el dise\u00f1o, me he convertido en un hombre verdaderamente distinguido, as\u00ed que todo son ventajas.<\/p><\/div><\/div><\/div>\t\t\t\t\t\t\t\t<\/div>\n\t\t\t\t<\/div>\n\t\t\t\t<\/div>\n\t\t<div class=\"elementor-element elementor-element-fd30a90 e-flex e-con-boxed e-con e-child\" data-id=\"fd30a90\" data-element_type=\"container\" data-settings=\"{&quot;jet_parallax_layout_list&quot;:[]}\">\n\t\t\t\t\t<div class=\"e-con-inner\">\n\t\t\t\t<div class=\"elementor-element elementor-element-9500505 elementor-widget elementor-widget-image\" data-id=\"9500505\" data-element_type=\"widget\" data-widget_type=\"image.default\">\n\t\t\t\t<div class=\"elementor-widget-container\">\n\t\t\t\t\t\t\t\t\t\t\t\t\t\t\t<img decoding=\"async\" width=\"600\" height=\"846\" src=\"https:\/\/mtm.madrid\/wp-content\/uploads\/2025\/05\/Bocetos01.jpg\" class=\"attachment-large size-large wp-image-2803\" alt=\"\" \/>\t\t\t\t\t\t\t\t\t\t\t\t\t\t\t<\/div>\n\t\t\t\t<\/div>\n\t\t\t\t<div class=\"elementor-element elementor-element-17a57d3 elementor-widget elementor-widget-text-editor\" data-id=\"17a57d3\" data-element_type=\"widget\" data-widget_type=\"text-editor.default\">\n\t\t\t\t<div class=\"elementor-widget-container\">\n\t\t\t\t\t\t\t\t\t<div data-id=\"9d1b2c9\" data-element_type=\"widget\" data-widget_type=\"text-editor.default\"><p>Bocetos de Pliego<\/p><\/div>\t\t\t\t\t\t\t\t<\/div>\n\t\t\t\t<\/div>\n\t\t\t\t\t<\/div>\n\t\t\t\t<\/div>\n\t\t\t\t\t<\/div>\n\t\t\t\t<\/div>\n\t\t<div class=\"elementor-element elementor-element-0a597d2 e-flex e-con-boxed e-con e-parent\" data-id=\"0a597d2\" data-element_type=\"container\" data-settings=\"{&quot;background_background&quot;:&quot;gradient&quot;,&quot;jet_parallax_layout_list&quot;:[]}\">\n\t\t\t\t\t<div class=\"e-con-inner\">\n\t\t\t\t<div class=\"elementor-element elementor-element-bfe50ec elementor-widget elementor-widget-spacer\" data-id=\"bfe50ec\" data-element_type=\"widget\" data-widget_type=\"spacer.default\">\n\t\t\t\t<div class=\"elementor-widget-container\">\n\t\t\t\t\t\t\t<div class=\"elementor-spacer\">\n\t\t\t<div class=\"elementor-spacer-inner\"><\/div>\n\t\t<\/div>\n\t\t\t\t\t\t<\/div>\n\t\t\t\t<\/div>\n\t\t\t\t<div class=\"elementor-element elementor-element-05d07df elementor-widget elementor-widget-image\" data-id=\"05d07df\" data-element_type=\"widget\" data-widget_type=\"image.default\">\n\t\t\t\t<div class=\"elementor-widget-container\">\n\t\t\t\t\t\t\t\t\t\t\t\t\t\t\t<img decoding=\"async\" width=\"800\" height=\"400\" src=\"https:\/\/mtm.madrid\/wp-content\/uploads\/2025\/04\/Pliego-103.svg\" class=\"attachment-large size-large wp-image-2008\" alt=\"\" \/>\t\t\t\t\t\t\t\t\t\t\t\t\t\t\t<\/div>\n\t\t\t\t<\/div>\n\t\t\t\t<div class=\"elementor-element elementor-element-24e5eb0 elementor-widget elementor-widget-text-editor\" data-id=\"24e5eb0\" data-element_type=\"widget\" data-widget_type=\"text-editor.default\">\n\t\t\t\t<div class=\"elementor-widget-container\">\n\t\t\t\t\t\t\t\t\t<p>Para cubrir las necesidades de un dise\u00f1ador moderno, Pliego incluye cinco pesos con sus cursivas. Dise\u00f1ados para la lectura continua, los pesos Book, Regular y Medium rinden al m\u00e1ximo por debajo de los 14 puntos. Pero no tenga miedo de utilizarla para titulares: gracias a sus detalles curiosos y a su sabor caligr\u00e1fico, la personalidad de Pliego se acent\u00faa a grandes tama\u00f1os.<\/p><p>Pliego ha sido un largo y duro trabajo, gracias a <a href=\"https:\/\/novatypefoundry.com\/\" target=\"_blank\" rel=\"noopener\">Joana Correia<\/a>, <a href=\"https:\/\/vietnamesetypography.com\/\" target=\"_blank\" rel=\"noopener\">Donny Truong<\/a>, <a href=\"http:\/\/www.tipo-e.com\/\" target=\"_blank\" rel=\"noopener\">Elena Veguillas<\/a>, <a href=\"http:\/\/noeblanco.com\/\" target=\"_blank\" rel=\"noopener\">Noe Blanco<\/a>, <a href=\"https:\/\/www.rayitasazules.com\/\" target=\"_blank\" rel=\"noopener\">Ana Moliz<\/a> y la gente de Ca\u00f1as &amp; Tipos por hacerlo m\u00e1s f\u00e1cil.<\/p>\t\t\t\t\t\t\t\t<\/div>\n\t\t\t\t<\/div>\n\t\t\t\t<div class=\"elementor-element elementor-element-ca6a540 elementor-align-center elementor-widget elementor-widget-button\" data-id=\"ca6a540\" data-element_type=\"widget\" data-widget_type=\"button.default\">\n\t\t\t\t<div class=\"elementor-widget-container\">\n\t\t\t\t\t\t\t\t\t<div class=\"elementor-button-wrapper\">\n\t\t\t\t\t<a class=\"elementor-button elementor-button-link elementor-size-sm\" href=\"https:\/\/mtm.madrid\/es\/fonts\/pliego\/\">\n\t\t\t\t\t\t<span class=\"elementor-button-content-wrapper\">\n\t\t\t\t\t\t\t\t\t<span class=\"elementor-button-text\">VISITA PLIEGO<\/span>\n\t\t\t\t\t<\/span>\n\t\t\t\t\t<\/a>\n\t\t\t\t<\/div>\n\t\t\t\t\t\t\t\t<\/div>\n\t\t\t\t<\/div>\n\t\t\t\t\t<\/div>\n\t\t\t\t<\/div>\n\t\t<div class=\"elementor-element elementor-element-9998cea e-flex e-con-boxed e-con e-parent\" data-id=\"9998cea\" data-element_type=\"container\" data-settings=\"{&quot;jet_parallax_layout_list&quot;:[],&quot;position&quot;:&quot;fixed&quot;}\">\n\t\t\t\t\t<div class=\"e-con-inner\">\n\t\t\t\t<div class=\"elementor-element elementor-element-a99413d boton-buy-catalog elementor-widget elementor-widget-text-editor\" data-id=\"a99413d\" data-element_type=\"widget\" data-widget_type=\"text-editor.default\">\n\t\t\t\t<div class=\"elementor-widget-container\">\n\t\t\t\t\t\t\t\t\t<p><p><fontdue-buy-button \n  collection-slug=\"pliego\"\n  collection-name=\"Pliego\"\n><\/fontdue-buy-button><\/p>\n<\/p>\t\t\t\t\t\t\t\t<\/div>\n\t\t\t\t<\/div>\n\t\t\t\t\t<\/div>\n\t\t\t\t<\/div>\n\t\t\t\t<\/div>\n\t\t","protected":false},"excerpt":{"rendered":"<p>Pliego: Jugando con las Venecianas La historia de Schotis empieza en 2014. Ram\u00f3n Penela, editor de Unostiposduros y gran amigo, llevaba tiempo queriendo que hici\u00e9semos un tipo juntos. Juntos quiere decir que yo lo hago y el se ocupa del enfoque te\u00f3rico, osea que no da ni golpe. \u00a1Es el estilo Ram\u00f3n! Le dije que [&hellip;]<\/p>\n","protected":false},"author":2,"featured_media":2803,"parent":0,"menu_order":0,"comment_status":"closed","ping_status":"closed","template":"","meta":{"footnotes":""},"class_list":["post-2811","page","type-page","status-publish","has-post-thumbnail","hentry"],"_links":{"self":[{"href":"https:\/\/mtm.madrid\/es\/wp-json\/wp\/v2\/pages\/2811","targetHints":{"allow":["GET"]}}],"collection":[{"href":"https:\/\/mtm.madrid\/es\/wp-json\/wp\/v2\/pages"}],"about":[{"href":"https:\/\/mtm.madrid\/es\/wp-json\/wp\/v2\/types\/page"}],"author":[{"embeddable":true,"href":"https:\/\/mtm.madrid\/es\/wp-json\/wp\/v2\/users\/2"}],"replies":[{"embeddable":true,"href":"https:\/\/mtm.madrid\/es\/wp-json\/wp\/v2\/comments?post=2811"}],"version-history":[{"count":0,"href":"https:\/\/mtm.madrid\/es\/wp-json\/wp\/v2\/pages\/2811\/revisions"}],"wp:featuredmedia":[{"embeddable":true,"href":"https:\/\/mtm.madrid\/es\/wp-json\/wp\/v2\/media\/2803"}],"wp:attachment":[{"href":"https:\/\/mtm.madrid\/es\/wp-json\/wp\/v2\/media?parent=2811"}],"curies":[{"name":"wp","href":"https:\/\/api.w.org\/{rel}","templated":true}]}}